{"id":27511,"date":"2024-10-14T02:12:37","date_gmt":"2024-10-14T02:12:37","guid":{"rendered":"https:\/\/etikmermer.com.tr\/?page_id=27511"},"modified":"2024-10-14T02:12:39","modified_gmt":"2024-10-14T02:12:39","slug":"babaeski-mermer-mezar","status":"publish","type":"page","link":"https:\/\/etikmermer.com.tr\/index.php\/babaeski-mermer-mezar\/","title":{"rendered":"Babaeski Mermer Mezar"},"content":{"rendered":"<p>Babaeski Mezarl\u0131klar\u0131nda mezar ta\u015f\u0131 yapt\u0131rmak i\u00e7in en uygun fiyatlar ve en uygun zaman \u00e7\u00f6z\u00fcmleri, Granit, Mozaik mezarlar\u0131n\u0131z i\u00e7in ta\u015f yaz\u0131lar\u0131 ve \u00fcretimi ,K\u0131rklareli Babaeski s\u0131n\u0131rlar\u0131 i\u00e7inde mezar ta\u015f\u0131 mezar ustas\u0131..<\/p><p>Babaeski Denizlik<br>Babaeski Mermer basamak<br>Babaeski Mermer<br>Babaeski Granit<br>Babaeski Mutfak tezgah\u0131<br>Babaeski Mermer \u00c7e\u015fme<br>Babaeski Mermer mezar<br>Babaeski Mezar Yap\u0131m\u0131<\/p><p>Mermer ve granit, hem \u00fclkemizde hem de yurt d\u0131\u015f\u0131nda mimariden dekorasyona kadar bir\u00e7ok alanda kullan\u0131lan en \u00f6nemli do\u011fal ta\u015flar\u0131n ba\u015f\u0131nda gelir. Mermer masa modelleri, mermer sehpa modelleri, granit mutfak tezgah\u0131 ve daha olduk\u00e7a geni\u015f bir \u00fcr\u00fcn yelpazesine sahip olan bu do\u011fal ta\u015flar hem kullan\u0131\u015fl\u0131 hem de olduk\u00e7a \u015f\u0131k bir g\u00f6r\u00fcn\u00fcme sahiptir. \u0130\u015fte tam olarak bu anlay\u0131\u015fla yola \u00e7\u0131kan Etik Mermer Granit- Mermer, T\u00fcrkiye\u2019nin 81 iline mermer ve granit \u00fcr\u00fcn hizmeti sunmaktad\u0131r.<\/p><p>Babaeski Mermer<br>Babaeski mermer ve Babaeski mermer firmalar\u0131 dendi\u011fi zaman ilk akla gene mermer firmas\u0131 olan Etik Mermer Granit, mermer ve granite bir sanat\u00e7\u0131 gibi hayat vermektedir. Estetik bir g\u00f6r\u00fcn\u00fcm elde eden Babaeski mermer; uygun fiyatlar\u0131 ve e\u015fsiz tasar\u0131m \u00f6rnekleri ile ya\u015fam alanlar\u0131n\u0131za dahil olmay\u0131 bekliyor.<\/p><p>Etik Mermer Granit-Mermer\u2019den T\u00fcrkiye\u2019nin Her Yerine Mobilya G\u00f6nderimi<br>Babaeski mermer sehpa, Babaeski mermer yemek masas\u0131 gibi mobilya modelleri d\u00fc\u015f\u00fcn\u00fcld\u00fc\u011f\u00fc zaman ilk akla gelen firma olan Etik Mermer Granit, Babaeski ilinin t\u00fcm mermer dekorasyon \u00fcr\u00fcnlerini tek ba\u015f\u0131na kar\u015f\u0131lamakta ve sizlere e\u015fsiz mobilya modelleri sunmaktad\u0131r. Tamamen ki\u015fiye \u00f6zel mermer mobilya ve granit mobilya modelleri olan \u00fcr\u00fcnlerinin yan\u0131 s\u0131ra ayn\u0131 zamanda da di\u011fer do\u011fal ta\u015flar\u0131 da kullanan Etik Mermer Granit- Mermer; Babaeski \u00e7evresindeki mermer firmalar\u0131ndan \u00e7ok daha geni\u015f bir ula\u015ft\u0131rma a\u011f\u0131na sahiptir. Bu nedenle de \u00f6zel olarak tasarlam\u0131\u015f oldu\u011fu mobilya modellerini T\u00fcrkiye ve d\u00fcnyan\u0131n her yerine g\u00f6nderebilmektedir.<\/p><p>\u0130lgili Anahtar Kelimeler : Babaeski Traverten Masa, Babaeski Mermer Masa, Babaeski Mermer Sehpa, Babaeski Mermer \u015e\u00f6mine, Babaeski Mermer Banko, Babaeski Mermer Tv \u00dcnitesi, Babaeski Mermer Dresuar, Babaeski Granit Sehpa, Babaeski Granit Masa, Babaeski Granit Mutfak, Babaeski Mermer<br>Babaeski \u0130l\u00e7eleri \u0130\u00e7in Mobilya Firmas\u0131 m\u0131 ar\u0131yorsunuz?<br>K\u0131rklareli Mermer , Babaeski Mermer , Demirk\u00f6y Mermer , Kof\u00e7az Mermer , L\u00fcleburgaz Mermer , Pehlivank\u00f6y Mermer , P\u0131narhisar Mermer , Vize Mermer ,<br>Alan\u0131nda Uzman \u0130\u015f\u00e7ilik ve Uzun Y\u0131llar\u0131n Deneyimi | Etik Mermer Granit &#8211; Mermer Masa &#8211; Modoko &#8211; Masko<br>Alan\u0131nda Uzman \u0130\u015f\u00e7ilik ve Uzun Y\u0131llar\u0131n Deneyimi<br>Firmam\u0131z do\u011fal ta\u015f malzemelerinden Mermer, Granit, Traverten ba\u015fta olmak \u00fczere teminini, projelendirilmesini ve uygulamas\u0131n\u0131 i\u00e7eren t\u00fcm a\u015famalar\u0131 deneyimli kadrosu ile siz de\u011ferli m\u00fc\u015fterilerimize sunmaktad\u0131r.<\/p><p>\u0130yi malzemeyi tedarik ederek ya\u015fam alan\u0131nda kullan\u0131lan alanlar haline getiren Etik Mermer Granit, farkl\u0131 projeleri ile sizlere hizmet vermektedir.<\/p>","protected":false},"excerpt":{"rendered":"<p>Babaeski Mezarl\u0131klar\u0131nda mezar ta\u015f\u0131 yapt\u0131rmak i\u00e7in en uygun fiyatlar ve en uygun zaman \u00e7\u00f6z\u00fcmleri, Granit, Mozaik mezarlar\u0131n\u0131z i\u00e7in ta\u015f yaz\u0131lar\u0131<\/p>\n","protected":false},"author":1,"featured_media":0,"parent":0,"menu_order":0,"comment_status":"closed","ping_status":"closed","template":"","meta":{"footnotes":""},"class_list":["post-27511","page","type-page","status-publish","hentry"],"_links":{"self":[{"href":"https:\/\/etikmermer.com.tr\/index.php\/wp-json\/wp\/v2\/pages\/27511","targetHints":{"allow":["GET"]}}],"collection":[{"href":"https:\/\/etikmermer.com.tr\/index.php\/wp-json\/wp\/v2\/pages"}],"about":[{"href":"https:\/\/etikmermer.com.tr\/index.php\/wp-json\/wp\/v2\/types\/page"}],"author":[{"embeddable":true,"href":"https:\/\/etikmermer.com.tr\/index.php\/wp-json\/wp\/v2\/users\/1"}],"replies":[{"embeddable":true,"href":"https:\/\/etikmermer.com.tr\/index.php\/wp-json\/wp\/v2\/comments?post=27511"}],"version-history":[{"count":1,"href":"https:\/\/etikmermer.com.tr\/index.php\/wp-json\/wp\/v2\/pages\/27511\/revisions"}],"predecessor-version":[{"id":27512,"href":"https:\/\/etikmermer.com.tr\/index.php\/wp-json\/wp\/v2\/pages\/27511\/revisions\/27512"}],"wp:attachment":[{"href":"https:\/\/etikmermer.com.tr\/index.php\/wp-json\/wp\/v2\/media?parent=27511"}],"curies":[{"name":"wp","href":"https:\/\/api.w.org\/{rel}","templated":true}]}}