{"id":27509,"date":"2024-10-14T02:10:55","date_gmt":"2024-10-14T02:10:55","guid":{"rendered":"https:\/\/etikmermer.com.tr\/?page_id=27509"},"modified":"2024-10-14T02:10:57","modified_gmt":"2024-10-14T02:10:57","slug":"babaeski-mermer-cesme","status":"publish","type":"page","link":"https:\/\/etikmermer.com.tr\/index.php\/babaeski-mermer-cesme\/","title":{"rendered":"Babaeski Mermer \u00c7e\u015fme"},"content":{"rendered":"<p>\u00c7e\u015fme kare planl\u0131, kesme ta\u015ftan yap\u0131lm\u0131\u015f, \u00fc\u00e7 taraf\u0131nda musluklar\u0131n yer ald\u0131\u011f\u0131 kubbeli bir yap\u0131d\u0131r. \u00c7e\u015fmenin g\u00fcneydo\u011fu cephesi sa\u011f\u0131rd\u0131r ve ta\u015f y\u00fczeyinde profilli kemer \u015feklinde i\u015flemeler bulunmaktad\u0131r. \u00c7e\u015fmenin di\u011fer cepheleri sivri kemerli olup, musluklar\u0131n \u00e7evresinde mermer i\u015flemeli aynalar yer al\u0131r. Kuzeydo\u011fu cephesinin sivri kemeri i\u00e7erisinde, \u00fczerindeki yaz\u0131lar kaz\u0131narak yok edilmi\u015f olduk\u00e7a b\u00fcy\u00fck bir kitabe ta\u015f\u0131 yer al\u0131r. \u00c7e\u015fmenin tek kubbeli \u00fcst \u00f6rt\u00fcs\u00fc kur\u015fun kapl\u0131d\u0131r ve g\u00fcneydo\u011fu taraf\u0131nda bir pencere a\u00e7\u0131kl\u0131\u011f\u0131 yer al\u0131r. \u00c7e\u015fmenin tepesinde mermer alem bulunmaktad\u0131r. Sa\u00e7ak alt\u0131 silmesi ta\u015f i\u015flemelidir.<\/p><p>Babaeski Denizlik<br>Babaeski Mermer basamak<br>Babaeski Mermer<br>Babaeski Granit<br>Babaeski Mutfak tezgah\u0131<br>Babaeski Mermer \u00c7e\u015fme<br>Babaeski Mermer mezar<br>Babaeski Mezar Yap\u0131m\u0131<\/p>","protected":false},"excerpt":{"rendered":"<p>\u00c7e\u015fme kare planl\u0131, kesme ta\u015ftan yap\u0131lm\u0131\u015f, \u00fc\u00e7 taraf\u0131nda musluklar\u0131n yer ald\u0131\u011f\u0131 kubbeli bir yap\u0131d\u0131r. \u00c7e\u015fmenin g\u00fcneydo\u011fu cephesi sa\u011f\u0131rd\u0131r ve ta\u015f<\/p>\n","protected":false},"author":1,"featured_media":0,"parent":0,"menu_order":0,"comment_status":"closed","ping_status":"closed","template":"","meta":{"footnotes":""},"class_list":["post-27509","page","type-page","status-publish","hentry"],"_links":{"self":[{"href":"https:\/\/etikmermer.com.tr\/index.php\/wp-json\/wp\/v2\/pages\/27509","targetHints":{"allow":["GET"]}}],"collection":[{"href":"https:\/\/etikmermer.com.tr\/index.php\/wp-json\/wp\/v2\/pages"}],"about":[{"href":"https:\/\/etikmermer.com.tr\/index.php\/wp-json\/wp\/v2\/types\/page"}],"author":[{"embeddable":true,"href":"https:\/\/etikmermer.com.tr\/index.php\/wp-json\/wp\/v2\/users\/1"}],"replies":[{"embeddable":true,"href":"https:\/\/etikmermer.com.tr\/index.php\/wp-json\/wp\/v2\/comments?post=27509"}],"version-history":[{"count":1,"href":"https:\/\/etikmermer.com.tr\/index.php\/wp-json\/wp\/v2\/pages\/27509\/revisions"}],"predecessor-version":[{"id":27510,"href":"https:\/\/etikmermer.com.tr\/index.php\/wp-json\/wp\/v2\/pages\/27509\/revisions\/27510"}],"wp:attachment":[{"href":"https:\/\/etikmermer.com.tr\/index.php\/wp-json\/wp\/v2\/media?parent=27509"}],"curies":[{"name":"wp","href":"https:\/\/api.w.org\/{rel}","templated":true}]}}