{"id":27505,"date":"2024-10-14T02:06:13","date_gmt":"2024-10-14T02:06:13","guid":{"rendered":"https:\/\/etikmermer.com.tr\/?page_id=27505"},"modified":"2024-10-14T02:06:14","modified_gmt":"2024-10-14T02:06:14","slug":"babaeski-granit","status":"publish","type":"page","link":"https:\/\/etikmermer.com.tr\/index.php\/babaeski-granit\/","title":{"rendered":"Babaeski Granit"},"content":{"rendered":"<p>Granit pahal\u0131 m\u0131?<\/p><figure class=\"wp-block-image\"><img decoding=\"async\" src=\"https:\/\/encrypted-tbn0.gstatic.com\/images?q=tbn:ANd9GcSeXyyBhlyltpJLSeUP1AvAzttmMd3fZ2qwfJadUAO7Bg&amp;s\" alt=\"\u00c7imstone Mi Granit Mi? | Elit Restorasyon\"\/><\/figure><p><strong>Granit tezgah fiyatlar\u0131n\u0131n di\u011fer do\u011fal ta\u015flara oranla daha pahal\u0131<\/strong>&nbsp;olmas\u0131na ra\u011fmen, e\u015f de\u011fer renk ve ebatta baz\u0131 \u00e7imstone tezgahlar\u0131 \u00fcretim maliyeti sebebiyle granitten de y\u00fcksek fiyatlara sat\u0131lmaktad\u0131r.<\/p><p>Babaeski Denizlik<br>Babaeski Mermer basamak<br>Babaeski Mermer<br>Babaeski Granit<br>Babaeski Mutfak tezgah\u0131<br>Babaeski Mermer \u00c7e\u015fme<br>Babaeski Mermer mezar<br>Babaeski Mezar Yap\u0131m\u0131<\/p>","protected":false},"excerpt":{"rendered":"<p>Granit pahal\u0131 m\u0131? Granit tezgah fiyatlar\u0131n\u0131n di\u011fer do\u011fal ta\u015flara oranla daha pahal\u0131&nbsp;olmas\u0131na ra\u011fmen, e\u015f de\u011fer renk ve ebatta baz\u0131 \u00e7imstone<\/p>\n","protected":false},"author":1,"featured_media":0,"parent":0,"menu_order":0,"comment_status":"closed","ping_status":"closed","template":"","meta":{"footnotes":""},"class_list":["post-27505","page","type-page","status-publish","hentry"],"_links":{"self":[{"href":"https:\/\/etikmermer.com.tr\/index.php\/wp-json\/wp\/v2\/pages\/27505","targetHints":{"allow":["GET"]}}],"collection":[{"href":"https:\/\/etikmermer.com.tr\/index.php\/wp-json\/wp\/v2\/pages"}],"about":[{"href":"https:\/\/etikmermer.com.tr\/index.php\/wp-json\/wp\/v2\/types\/page"}],"author":[{"embeddable":true,"href":"https:\/\/etikmermer.com.tr\/index.php\/wp-json\/wp\/v2\/users\/1"}],"replies":[{"embeddable":true,"href":"https:\/\/etikmermer.com.tr\/index.php\/wp-json\/wp\/v2\/comments?post=27505"}],"version-history":[{"count":1,"href":"https:\/\/etikmermer.com.tr\/index.php\/wp-json\/wp\/v2\/pages\/27505\/revisions"}],"predecessor-version":[{"id":27506,"href":"https:\/\/etikmermer.com.tr\/index.php\/wp-json\/wp\/v2\/pages\/27505\/revisions\/27506"}],"wp:attachment":[{"href":"https:\/\/etikmermer.com.tr\/index.php\/wp-json\/wp\/v2\/media?parent=27505"}],"curies":[{"name":"wp","href":"https:\/\/api.w.org\/{rel}","templated":true}]}}