{"id":27502,"date":"2024-10-14T02:03:08","date_gmt":"2024-10-14T02:03:08","guid":{"rendered":"https:\/\/etikmermer.com.tr\/?page_id=27502"},"modified":"2024-10-14T02:03:10","modified_gmt":"2024-10-14T02:03:10","slug":"babaeski-mermer","status":"publish","type":"page","link":"https:\/\/etikmermer.com.tr\/index.php\/babaeski-mermer\/","title":{"rendered":"Babaeski Mermer"},"content":{"rendered":"<p>Babaeski Denizlik<br>Babaeski Mermer basamak<br>Babaeski Mermer<br>Babaeski Granit<br>Babaeski Mutfak tezgah\u0131<br>Babaeski Mermer \u00c7e\u015fme<br>Babaeski Mermer mezar<br>Babaeski Mezar Yap\u0131m\u0131<\/p><figure class=\"wp-block-image size-large\"><img fetchpriority=\"high\" decoding=\"async\" width=\"912\" height=\"800\" src=\"https:\/\/etikmermer.com.tr\/wp-content\/uploads\/2024\/10\/image-912x800.png\" alt=\"\" class=\"wp-image-27503\" srcset=\"https:\/\/etikmermer.com.tr\/wp-content\/uploads\/2024\/10\/image-912x800.png 912w, https:\/\/etikmermer.com.tr\/wp-content\/uploads\/2024\/10\/image-430x377.png 430w, https:\/\/etikmermer.com.tr\/wp-content\/uploads\/2024\/10\/image-150x132.png 150w, https:\/\/etikmermer.com.tr\/wp-content\/uploads\/2024\/10\/image-700x614.png 700w, https:\/\/etikmermer.com.tr\/wp-content\/uploads\/2024\/10\/image-342x300.png 342w, https:\/\/etikmermer.com.tr\/wp-content\/uploads\/2024\/10\/image-768x674.png 768w, https:\/\/etikmermer.com.tr\/wp-content\/uploads\/2024\/10\/image.png 1000w\" sizes=\"(max-width: 912px) 100vw, 912px\" \/><\/figure><p><\/p>","protected":false},"excerpt":{"rendered":"<p>Babaeski DenizlikBabaeski Mermer basamakBabaeski MermerBabaeski GranitBabaeski Mutfak tezgah\u0131Babaeski Mermer \u00c7e\u015fmeBabaeski Mermer mezarBabaeski Mezar Yap\u0131m\u0131<\/p>\n","protected":false},"author":1,"featured_media":0,"parent":0,"menu_order":0,"comment_status":"closed","ping_status":"closed","template":"","meta":{"footnotes":""},"class_list":["post-27502","page","type-page","status-publish","hentry"],"_links":{"self":[{"href":"https:\/\/etikmermer.com.tr\/index.php\/wp-json\/wp\/v2\/pages\/27502","targetHints":{"allow":["GET"]}}],"collection":[{"href":"https:\/\/etikmermer.com.tr\/index.php\/wp-json\/wp\/v2\/pages"}],"about":[{"href":"https:\/\/etikmermer.com.tr\/index.php\/wp-json\/wp\/v2\/types\/page"}],"author":[{"embeddable":true,"href":"https:\/\/etikmermer.com.tr\/index.php\/wp-json\/wp\/v2\/users\/1"}],"replies":[{"embeddable":true,"href":"https:\/\/etikmermer.com.tr\/index.php\/wp-json\/wp\/v2\/comments?post=27502"}],"version-history":[{"count":1,"href":"https:\/\/etikmermer.com.tr\/index.php\/wp-json\/wp\/v2\/pages\/27502\/revisions"}],"predecessor-version":[{"id":27504,"href":"https:\/\/etikmermer.com.tr\/index.php\/wp-json\/wp\/v2\/pages\/27502\/revisions\/27504"}],"wp:attachment":[{"href":"https:\/\/etikmermer.com.tr\/index.php\/wp-json\/wp\/v2\/media?parent=27502"}],"curies":[{"name":"wp","href":"https:\/\/api.w.org\/{rel}","templated":true}]}}