{"id":27500,"date":"2024-10-14T02:01:07","date_gmt":"2024-10-14T02:01:07","guid":{"rendered":"https:\/\/etikmermer.com.tr\/?page_id=27500"},"modified":"2024-10-14T02:01:09","modified_gmt":"2024-10-14T02:01:09","slug":"babaeski-mermer-basamak","status":"publish","type":"page","link":"https:\/\/etikmermer.com.tr\/index.php\/babaeski-mermer-basamak\/","title":{"rendered":"Babaeski Mermer Basamak"},"content":{"rendered":"<p>Babaeski Denizlik<br>Babaeski Mermer basamak<br>Babaeski Mermer<br>Babaeski Granit<br>Babaeski Mutfak tezgah\u0131<br>Babaeski Mermer \u00c7e\u015fme<br>Babaeski Mermer mezar<br>Babaeski Mezar Yap\u0131m\u0131<\/p><h1 class=\"wp-block-heading\">Etik Mermer Granit<\/h1><p>K\u0131rklareli Babaeski mermer basamak d\u00f6\u015feme i\u015fleri, mermer dekorasyon hizmeti, mutfak tezgah\u0131 imalat\u0131, mezar ta\u015f\u0131 imalat hizmetleri verilmektedir.<br>Mermer dekorasyon hizmetleri ile kaliteli i\u015f\u00e7ilik ve estetik dokunu\u015flar yaparak ya\u015fam alanlar\u0131n\u0131za de\u011fer kat\u0131yoruz. Alan\u0131nda uzmanla\u015fm\u0131\u015f ekibimizle titiz \u00e7al\u0131\u015farak dayan\u0131kl\u0131\u011f\u0131 ve zarafeti ayn\u0131 anda sizlere sunuyoruz. Mermer basamak d\u00f6\u015femelerinden, mutfak tezgah\u0131 imalat\u0131na, mezar ta\u015f\u0131 imalat\u0131ndan zemin d\u00f6\u015femelerine kadar arad\u0131\u011f\u0131n\u0131z hizmeti maksimum kalitede sizlere sunarak g\u00fcveninizi kazan\u0131yoruz. Kaliteli hizmet i\u00e7erikleri i\u00e7in bizlere ula\u015farak detayl\u0131 bilgi alabilirsiniz.<\/p><p><\/p>","protected":false},"excerpt":{"rendered":"<p>Babaeski DenizlikBabaeski Mermer basamakBabaeski MermerBabaeski GranitBabaeski Mutfak tezgah\u0131Babaeski Mermer \u00c7e\u015fmeBabaeski Mermer mezarBabaeski Mezar Yap\u0131m\u0131 Etik Mermer Granit K\u0131rklareli Babaeski mermer<\/p>\n","protected":false},"author":1,"featured_media":0,"parent":0,"menu_order":0,"comment_status":"closed","ping_status":"closed","template":"","meta":{"footnotes":""},"class_list":["post-27500","page","type-page","status-publish","hentry"],"_links":{"self":[{"href":"https:\/\/etikmermer.com.tr\/index.php\/wp-json\/wp\/v2\/pages\/27500","targetHints":{"allow":["GET"]}}],"collection":[{"href":"https:\/\/etikmermer.com.tr\/index.php\/wp-json\/wp\/v2\/pages"}],"about":[{"href":"https:\/\/etikmermer.com.tr\/index.php\/wp-json\/wp\/v2\/types\/page"}],"author":[{"embeddable":true,"href":"https:\/\/etikmermer.com.tr\/index.php\/wp-json\/wp\/v2\/users\/1"}],"replies":[{"embeddable":true,"href":"https:\/\/etikmermer.com.tr\/index.php\/wp-json\/wp\/v2\/comments?post=27500"}],"version-history":[{"count":1,"href":"https:\/\/etikmermer.com.tr\/index.php\/wp-json\/wp\/v2\/pages\/27500\/revisions"}],"predecessor-version":[{"id":27501,"href":"https:\/\/etikmermer.com.tr\/index.php\/wp-json\/wp\/v2\/pages\/27500\/revisions\/27501"}],"wp:attachment":[{"href":"https:\/\/etikmermer.com.tr\/index.php\/wp-json\/wp\/v2\/media?parent=27500"}],"curies":[{"name":"wp","href":"https:\/\/api.w.org\/{rel}","templated":true}]}}